{"id":1607,"date":"2021-12-30T03:22:53","date_gmt":"2021-12-30T00:22:53","guid":{"rendered":"https:\/\/estemilano.com\/?page_id=1607"},"modified":"2023-11-29T12:55:04","modified_gmt":"2023-11-29T09:55:04","slug":"a-propos-de-nous","status":"publish","type":"page","link":"https:\/\/estemilano.com\/fr\/a-propos-de-nous\/","title":{"rendered":"\u00e0 Propos De Nous"},"content":{"rendered":"<section class=\"wpb-content-wrapper\"><p>[vc_row][vc_column icons_position=\u00a0\u00bbleft\u00a0\u00bb][vc_column_text]<\/p>\n<div style=\"background-color: #202a44 !important; border-radius: 20px; padding-top: 50px;\">\n<div class=\"ma-col\">\n<p>[vc_column_text]<\/p>\n<div class=\"wpb_column vc_column_container vc_col-sm-3\">\n<div class=\"vc_column-inner\">\n<div class=\"wpb_wrapper\">\n<div class=\"wpb_single_image wpb_content_element vc_align_center\">\n<figure class=\"wpb_wrapper vc_figure\">\n<div class=\"vc_single_image-wrapper vc_box_rounded vc_box_border_grey\"><img loading=\"lazy\" decoding=\"async\" class=\"vc_single_image-img attachment-medium\" src=\"https:\/\/estemilano.com\/wp-content\/uploads\/2021\/12\/vip-step1.jpg\" sizes=\"auto, (max-width: 300px) 100vw, 300px\" srcset=\"https:\/\/estemilano.com\/wp-content\/uploads\/2021\/12\/vip-step1.jpg 300w, https:\/\/estemilano.com\/wp-content\/uploads\/2021\/12\/vip-step1.jpg 370w\" alt=\"\" width=\"300\" height=\"220\" \/><\/div>\n<\/figure>\n<\/div>\n<div class=\"wpb_text_column wpb_content_element \">\n<div class=\"wpb_wrapper\">\n<pre><\/pre>\n<p><strong style=\"color: #ff4040;\">BIENVENUE EN TURQUIE<\/strong><\/p>\n<p><b style=\"color: white;\">Lorsque vous atterrissez \u00e0 l&rsquo;a\u00e9roport, notre traducteur et chauffeur sp\u00e9cial vous accueillera. Ensuite, vous serez transf\u00e9r\u00e9 \u00e0 votre h\u00f4tel avec votre v\u00e9hicule VIP.<\/b><\/p>\n<\/div>\n<\/div>\n<\/div>\n<\/div>\n<\/div>\n<div class=\"wpb_column vc_column_container vc_col-sm-3\">\n<div class=\"vc_column-inner\">\n<div class=\"wpb_wrapper\">\n<div class=\"wpb_single_image wpb_content_element vc_align_center\">\n<figure class=\"wpb_wrapper vc_figure\">\n<div class=\"vc_single_image-wrapper vc_box_rounded vc_box_border_grey\"><img loading=\"lazy\" decoding=\"async\" class=\"vc_single_image-img attachment-medium\" src=\"https:\/\/estemilano.com\/wp-content\/uploads\/2021\/12\/cons-step2.jpg\" sizes=\"auto, (max-width: 300px) 100vw, 300px\" srcset=\"https:\/\/estemilano.com\/wp-content\/uploads\/2021\/12\/cons-step2.jpg 300w, https:\/\/estemilano.com\/wp-content\/uploads\/2021\/12\/cons-step2.jpg 370w\" alt=\"\" width=\"300\" height=\"220\" \/><\/div>\n<\/figure>\n<\/div>\n<div class=\"wpb_text_column wpb_content_element \">\n<div class=\"wpb_wrapper\">\n<pre><\/pre>\n<p><strong style=\"color: #ff4040;\">CONSULTATION<\/strong><\/p>\n<p><b style=\"color: white;\">Sp\u00e9cifique \u00e0 l&rsquo;op\u00e9ration que vous souhaitez subir, le chirurgien avec qui nous avons contract\u00e9 vous examinera, les informations n\u00e9cessaires vous seront donn\u00e9es, et le processus de pr\u00e9paration de l&rsquo;op\u00e9ration se poursuivra avec des tests m\u00e9dicaux.<\/b><\/p>\n<\/div>\n<\/div>\n<\/div>\n<\/div>\n<\/div>\n<div class=\"wpb_column vc_column_container vc_col-sm-3\">\n<div class=\"vc_column-inner\">\n<div class=\"wpb_wrapper\">\n<div class=\"wpb_single_image wpb_content_element vc_align_center\">\n<figure class=\"wpb_wrapper vc_figure\">\n<div class=\"vc_single_image-wrapper vc_box_rounded vc_box_border_grey\"><img loading=\"lazy\" decoding=\"async\" class=\"vc_single_image-img attachment-medium\" src=\"https:\/\/estemilano.com\/wp-content\/uploads\/2021\/12\/yatis-step3.jpg\" sizes=\"auto, (max-width: 300px) 100vw, 300px\" srcset=\"https:\/\/estemilano.com\/wp-content\/uploads\/2021\/12\/yatis-step3.jpg 300w, https:\/\/estemilano.com\/wp-content\/uploads\/2021\/12\/yatis-step3.jpg 370w\" alt=\"\" width=\"300\" height=\"220\" \/><\/div>\n<\/figure>\n<\/div>\n<div class=\"wpb_text_column wpb_content_element \">\n<div class=\"wpb_wrapper\">\n<pre><\/pre>\n<p><strong style=\"color: #ff4040;\">ENTR\u00c9E \u00c0 L&rsquo;HPITAL<\/strong><\/p>\n<p><b style=\"color: white;\">Apr\u00e8s l&rsquo;op\u00e9ration, vous serez hospitalis\u00e9 dans votre h\u00f4pital pendant au moins une journ\u00e9e. Les contr\u00f4les n\u00e9cessaires seront effectu\u00e9s et vos m\u00e9dicaments vous seront remis.<\/b><\/p>\n<\/div>\n<\/div>\n<\/div>\n<\/div>\n<\/div>\n<div class=\"wpb_column vc_column_container vc_col-sm-3\">\n<div class=\"vc_column-inner\">\n<div class=\"wpb_wrapper\">\n<div class=\"wpb_single_image wpb_content_element vc_align_center\">\n<figure class=\"wpb_wrapper vc_figure\">\n<div class=\"vc_single_image-wrapper vc_box_rounded vc_box_border_grey\"><img loading=\"lazy\" decoding=\"async\" class=\"vc_single_image-img attachment-medium\" src=\"https:\/\/estemilano.com\/wp-content\/uploads\/2021\/12\/check-up-step4.jpg\" sizes=\"auto, (max-width: 300px) 100vw, 300px\" srcset=\"https:\/\/estemilano.com\/wp-content\/uploads\/2021\/12\/check-up-step4.jpg 300w, https:\/\/estemilano.com\/wp-content\/uploads\/2021\/12\/check-up-step4.jpg 370w\" alt=\"\" width=\"300\" height=\"220\" \/><\/div>\n<\/figure>\n<\/div>\n<div class=\"wpb_text_column wpb_content_element \">\n<div class=\"wpb_wrapper\">\n<pre><\/pre>\n<p><strong style=\"color: #ff4040;\">RETOUR \u00c0 LA MAISON<\/strong><\/p>\n<p><b style=\"color: white;\">Apr\u00e8s l&rsquo;op\u00e9ration, votre chirurgien fera les v\u00e9rifications n\u00e9cessaires.Si vous n&rsquo;avez pas de probl\u00e8mes de sant\u00e9, nous vous emm\u00e8nerons \u00e0 l&rsquo;a\u00e9roport avec votre v\u00e9hicule VIP.<\/b><\/p>\n<\/div>\n<\/div>\n<\/div>\n<\/div>\n<\/div>\n<\/div>\n<p>&nbsp;<\/p>\n<p>&nbsp;<\/p>\n<style>.ma-col .vc_row .vc_column_container {<br \/>-webkit-box-align: start;<br \/>-webkit-align-items: start;<br \/>-ms-flex-align: start;<br \/>align-items: start;<br \/>margin-bottom:30px;<br \/>} <\/style>\n<\/div>\n<p>[\/vc_column_text]<div id=\"sc_title_1862267087\"\n\t\tclass=\"sc_title sc_title_default\"><h2 class=\"sc_item_title sc_title_title sc_align_center sc_item_title_style_default\">Nos M\u00e9decins Conventionn\u00e9s<\/h2><\/div><!-- \/.sc_title -->[vc_empty_space hide_on_wide=\u00a0\u00bb\u00a0\u00bb hide_on_desktop=\u00a0\u00bb\u00a0\u00bb hide_on_notebook=\u00a0\u00bb\u00a0\u00bb hide_on_tablet=\u00a0\u00bb\u00a0\u00bb hide_on_mobile=\u00a0\u00bb\u00a0\u00bb][\/vc_column][\/vc_row][vc_row][vc_column icons_position=\u00a0\u00bbleft\u00a0\u00bb]<div  id=\"sc_team_987074735\"\t\tclass=\"sc_team sc_team_default\"><div class=\"sc_team_columns_wrap sc_item_columns sc_item_posts_container trx_addons_columns_wrap columns_padding_bottom\"><div class=\"trx_addons_column-1_3\"><div class=\"sc_team_item no_links post-262 cpt_team type-cpt_team status-publish has-post-thumbnail hentry\">\n\t<div class=\"post_featured with_thumb hover_icons sc_team_item_thumb\"><img loading=\"lazy\" decoding=\"async\" width=\"600\" height=\"730\" src=\"https:\/\/estemilano.com\/wp-content\/uploads\/2018\/02\/buyuk-logo-scaled-1-600x730.jpg\" class=\"attachment-renewal-thumb-team size-renewal-thumb-team wp-post-image\" alt=\"\" \/>\t\t\t\t\t\t<div class=\"mask\"><\/div>\n\t\t\t\t\t\t\t\t\t<div class=\"icons\">\n\t\t\t\t\t\t\t\t<a href=\"https:\/\/estemilano.com\/wp-content\/uploads\/2018\/02\/buyuk-logo-scaled-1.jpg\" aria-hidden=\"true\" class=\"icon-013_view\" title=\"\u00d6zel Avrupa UBK A\u011f\u0131z ve Di\u015f Sa\u011fl\u0131\u011f\u0131 poliklini\u011fi\"><\/a>\n\t\t\t\t\t\t\t\t<a href=\"https:\/\/estemilano.com\/fr\/team\/ozel-avrupa-dis-poliklinigi\/\"  aria-hidden=\"true\" class=\"icon-014_link\n\t\t\t\t\t\t\t\t\t\t\t\t\t\"><\/a>\n\t\t\t<\/div>\n\t\t\t<\/div>\t<div class=\"sc_team_item_info\">\n\t\t<div class=\"sc_team_item_header\">\n\t\t\t<h6 class=\"sc_team_item_title\"><a href=\"https:\/\/estemilano.com\/fr\/team\/ozel-avrupa-dis-poliklinigi\/\">\u00d6zel Avrupa UBK A\u011f\u0131z ve Di\u015f Sa\u011fl\u0131\u011f\u0131 poliklini\u011fi<\/a><\/h6>\n\t\t\t<div class=\"sc_team_item_subtitle\">\u00d6zel Avrupa UBK A\u011f\u0131z ve Di\u015f Sa\u011fl\u0131\u011f\u0131 poliklini\u011fi<\/div>\n\t\t<\/div>\n\t\t<div class=\"sc_team_item_content\"><p>Oral and Dental Health<\/p>\n<\/div>\n\t\t<div class=\"sc_team_item_socials socials_wrap\"><a target=\"_blank\" href=\"https:\/\/www.instagram.com\/axiom_themes\/\" class=\"social_item social_item_style_icons sc_icon_type_icons social_item_type_icons\"><span class=\"social_icon social_icon_instagramm\"><span class=\"icon-instagramm\"><\/span><\/span><\/a><a target=\"_blank\" href=\"https:\/\/www.facebook.com\/AxiomThemes-505060569826537\/\" class=\"social_item social_item_style_icons sc_icon_type_icons social_item_type_icons\"><span class=\"social_icon social_icon_facebook\"><span class=\"icon-facebook\"><\/span><\/span><\/a><a target=\"_blank\" href=\"https:\/\/twitter.com\/axiom_themes\" class=\"social_item social_item_style_icons sc_icon_type_icons social_item_type_icons\"><span class=\"social_icon social_icon_twitter\"><span class=\"icon-twitter\"><\/span><\/span><\/a><\/div><div class=\"sc_team_item_button\"><a href=\"https:\/\/estemilano.com\/fr\/team\/ozel-avrupa-dis-poliklinigi\/\" class=\"sc_button sc_button_simple\">Read more<\/a><\/div><\/div>\n<\/div><\/div><div class=\"trx_addons_column-1_3\"><div class=\"sc_team_item no_links post-263 cpt_team type-cpt_team status-publish has-post-thumbnail hentry\">\n\t<div class=\"post_featured with_thumb hover_icons sc_team_item_thumb\"><img loading=\"lazy\" decoding=\"async\" width=\"433\" height=\"433\" src=\"https:\/\/estemilano.com\/wp-content\/uploads\/2018\/02\/Prof.Dr_.Taner-Yig\u0306it-.png\" class=\"attachment-renewal-thumb-team size-renewal-thumb-team wp-post-image\" alt=\"\" srcset=\"https:\/\/estemilano.com\/wp-content\/uploads\/2018\/02\/Prof.Dr_.Taner-Yig\u0306it-.png 433w, https:\/\/estemilano.com\/wp-content\/uploads\/2018\/02\/Prof.Dr_.Taner-Yig\u0306it--300x300.png 300w, https:\/\/estemilano.com\/wp-content\/uploads\/2018\/02\/Prof.Dr_.Taner-Yig\u0306it--150x150.png 150w, https:\/\/estemilano.com\/wp-content\/uploads\/2018\/02\/Prof.Dr_.Taner-Yig\u0306it--370x370.png 370w, https:\/\/estemilano.com\/wp-content\/uploads\/2018\/02\/Prof.Dr_.Taner-Yig\u0306it--244x244.png 244w\" sizes=\"auto, (max-width: 433px) 100vw, 433px\" \/>\t\t\t\t\t\t<div class=\"mask\"><\/div>\n\t\t\t\t\t\t\t\t\t<div class=\"icons\">\n\t\t\t\t\t\t\t\t<a href=\"https:\/\/estemilano.com\/wp-content\/uploads\/2018\/02\/Prof.Dr_.Taner-Yig\u0306it-.png\" aria-hidden=\"true\" class=\"icon-013_view\" title=\"Prof. Dr. Taner Yi\u011fit\"><\/a>\n\t\t\t\t\t\t\t\t<a href=\"https:\/\/estemilano.com\/fr\/team\/prof-dr-taner-yigit\/\"  aria-hidden=\"true\" class=\"icon-014_link\n\t\t\t\t\t\t\t\t\t\t\t\t\t\"><\/a>\n\t\t\t<\/div>\n\t\t\t<\/div>\t<div class=\"sc_team_item_info\">\n\t\t<div class=\"sc_team_item_header\">\n\t\t\t<h6 class=\"sc_team_item_title\"><a href=\"https:\/\/estemilano.com\/fr\/team\/prof-dr-taner-yigit\/\">Prof. Dr. Taner Yi\u011fit<\/a><\/h6>\n\t\t\t<div class=\"sc_team_item_subtitle\">Prof. Dr. Taner Yi\u011fit<\/div>\n\t\t<\/div>\n\t\t<div class=\"sc_team_item_content\"><p>Gastric Sleeve Surgery<\/p>\n<\/div>\n\t\t<div class=\"sc_team_item_socials socials_wrap\"><a target=\"_blank\" href=\"https:\/\/www.instagram.com\/axiom_themes\/\" class=\"social_item social_item_style_icons sc_icon_type_icons social_item_type_icons\"><span class=\"social_icon social_icon_instagramm\"><span class=\"icon-instagramm\"><\/span><\/span><\/a><a target=\"_blank\" href=\"https:\/\/www.facebook.com\/AxiomThemes-505060569826537\/\" class=\"social_item social_item_style_icons sc_icon_type_icons social_item_type_icons\"><span class=\"social_icon social_icon_facebook\"><span class=\"icon-facebook\"><\/span><\/span><\/a><a target=\"_blank\" href=\"https:\/\/twitter.com\/axiom_themes\" class=\"social_item social_item_style_icons sc_icon_type_icons social_item_type_icons\"><span class=\"social_icon social_icon_twitter\"><span class=\"icon-twitter\"><\/span><\/span><\/a><\/div><div class=\"sc_team_item_button\"><a href=\"https:\/\/estemilano.com\/fr\/team\/prof-dr-taner-yigit\/\" class=\"sc_button sc_button_simple\">Read more<\/a><\/div><\/div>\n<\/div><\/div><div class=\"trx_addons_column-1_3\"><div class=\"sc_team_item no_links post-1758 cpt_team type-cpt_team status-publish has-post-thumbnail hentry\">\n\t<div class=\"post_featured with_thumb hover_icons sc_team_item_thumb\"><img loading=\"lazy\" decoding=\"async\" width=\"387\" height=\"409\" src=\"https:\/\/estemilano.com\/wp-content\/uploads\/2026\/01\/AP_oezdemir.png\" class=\"attachment-renewal-thumb-team size-renewal-thumb-team wp-post-image\" alt=\"\" srcset=\"https:\/\/estemilano.com\/wp-content\/uploads\/2026\/01\/AP_oezdemir.png 387w, https:\/\/estemilano.com\/wp-content\/uploads\/2026\/01\/AP_oezdemir-284x300.png 284w, https:\/\/estemilano.com\/wp-content\/uploads\/2026\/01\/AP_oezdemir-370x391.png 370w\" sizes=\"auto, (max-width: 387px) 100vw, 387px\" \/>\t\t\t\t\t\t<div class=\"mask\"><\/div>\n\t\t\t\t\t\t\t\t\t<div class=\"icons\">\n\t\t\t\t\t\t\t\t<a href=\"https:\/\/estemilano.com\/wp-content\/uploads\/2026\/01\/AP_oezdemir.png\" aria-hidden=\"true\" class=\"icon-013_view\" title=\"Op.Dr.Mehmet \u00d6zdemir\"><\/a>\n\t\t\t\t\t\t\t\t<a href=\"https:\/\/estemilano.com\/fr\/team\/op-dr-mehmet-ozdemir\/\"  aria-hidden=\"true\" class=\"icon-014_link\n\t\t\t\t\t\t\t\t\t\t\t\t\t\"><\/a>\n\t\t\t<\/div>\n\t\t\t<\/div>\t<div class=\"sc_team_item_info\">\n\t\t<div class=\"sc_team_item_header\">\n\t\t\t<h6 class=\"sc_team_item_title\"><a href=\"https:\/\/estemilano.com\/fr\/team\/op-dr-mehmet-ozdemir\/\">Op.Dr.Mehmet \u00d6zdemir<\/a><\/h6>\n\t\t\t<div class=\"sc_team_item_subtitle\"><\/div>\n\t\t<\/div>\n\t\t<div class=\"sc_team_item_content\"><p>Dr. Mehmet \u00d6zdemir is an expert with international experience in plastic, reconstructive, and aesthetic surgery. After graduating from the English-language program at Istanbul University Cerrahpa\u015fa&hellip;<\/p>\n<\/div>\n\t\t<div class=\"sc_team_item_socials socials_wrap\"><\/div><div class=\"sc_team_item_button\"><a href=\"https:\/\/estemilano.com\/fr\/team\/op-dr-mehmet-ozdemir\/\" class=\"sc_button sc_button_simple\">Read more<\/a><\/div><\/div>\n<\/div><\/div><\/div><\/div><!-- \/.sc_team -->[\/vc_column][\/vc_row]<\/p>\n<\/section>","protected":false},"excerpt":{"rendered":"<p>[vc_row][vc_column icons_position=\u00a0\u00bbleft\u00a0\u00bb][vc_column_text] [vc_column_text] BIENVENUE EN TURQUIE Lorsque vous atterrissez \u00e0 l&rsquo;a\u00e9roport, notre traducteur et chauffeur sp\u00e9cial vous accueillera. Ensuite, vous serez transf\u00e9r\u00e9 \u00e0 votre h\u00f4tel&hellip;<\/p>\n","protected":false},"author":1,"featured_media":0,"parent":0,"menu_order":0,"comment_status":"closed","ping_status":"closed","template":"","meta":{"footnotes":""},"class_list":["post-1607","page","type-page","status-publish","hentry"],"aioseo_notices":[],"_links":{"self":[{"href":"https:\/\/estemilano.com\/fr\/wp-json\/wp\/v2\/pages\/1607","targetHints":{"allow":["GET"]}}],"collection":[{"href":"https:\/\/estemilano.com\/fr\/wp-json\/wp\/v2\/pages"}],"about":[{"href":"https:\/\/estemilano.com\/fr\/wp-json\/wp\/v2\/types\/page"}],"author":[{"embeddable":true,"href":"https:\/\/estemilano.com\/fr\/wp-json\/wp\/v2\/users\/1"}],"replies":[{"embeddable":true,"href":"https:\/\/estemilano.com\/fr\/wp-json\/wp\/v2\/comments?post=1607"}],"version-history":[{"count":30,"href":"https:\/\/estemilano.com\/fr\/wp-json\/wp\/v2\/pages\/1607\/revisions"}],"predecessor-version":[{"id":1739,"href":"https:\/\/estemilano.com\/fr\/wp-json\/wp\/v2\/pages\/1607\/revisions\/1739"}],"wp:attachment":[{"href":"https:\/\/estemilano.com\/fr\/wp-json\/wp\/v2\/media?parent=1607"}],"curies":[{"name":"wp","href":"https:\/\/api.w.org\/{rel}","templated":true}]}}