{"id":1350,"date":"2021-12-24T17:20:09","date_gmt":"2021-12-24T14:20:09","guid":{"rendered":"https:\/\/estemilano.com\/?page_id=1350"},"modified":"2021-12-24T17:20:09","modified_gmt":"2021-12-24T14:20:09","slug":"injection-de-graisse-dans-les-fesses","status":"publish","type":"page","link":"https:\/\/estemilano.com\/fr\/injection-de-graisse-dans-les-fesses\/","title":{"rendered":"Injection de graisse dans les fesses"},"content":{"rendered":"<section class=\"wpb-content-wrapper\"><p>[vc_row css=\u00a0\u00bb.vc_custom_1558452950911{padding-top: 25px !important;}\u00a0\u00bb][vc_column width=\u00a0\u00bb7\/12&Prime;][vc_custom_heading text=\u00a0\u00bbINJECTION DE GRAISSE DANS LES FESSES EN TURQUIE\u00a0\u00bb font_container=\u00a0\u00bbtag:h1|font_size:25px|text_align:left\u00a0\u00bb use_theme_fonts=\u00a0\u00bbyes\u00a0\u00bb css=\u00a0\u00bb.vc_custom_1629894619769{margin-bottom: 25px !important;}\u00a0\u00bb][vc_column_text]M\u00eame si la beaut\u00e9 varie, les gens ont une id\u00e9e g\u00e9n\u00e9rale de la beaut\u00e9 des fesses.\u00a0Vu de c\u00f4t\u00e9, des fesses irr\u00e9guli\u00e8res peuvent cr\u00e9er un probl\u00e8me en raison du manque de niveau suffisant.\u00a0Les hanches distinctives sont d&rsquo;apparence lisse et arrondie.\u00a0Selon le besoin, diff\u00e9rentes m\u00e9thodes sont utilis\u00e9es pour former la crosse.\u00a0Avec l&rsquo;injection de graisse dans les fesses en Turquie, il est maintenant si facile d&rsquo;avoir des fesses arrondies.\u00a0Nos chirurgiens exp\u00e9riment\u00e9s de la Milano Clinic vous aideront \u00e0 avoir des fesses magnifiquement form\u00e9es.[\/vc_column_text][\/vc_column][vc_column width=\u00a0\u00bb5\/12&Prime;][vc_single_image image=\u00a0\u00bb10089&Prime; img_size=\u00a0\u00bbfull\u00a0\u00bb][\/vc_column][\/vc_row][vc_row css=\u00a0\u00bb.vc_custom_1558452950911{padding-top: 25px !important;}\u00a0\u00bb][vc_column][vc_custom_heading text=\u00a0\u00bbQU&rsquo;EST-CE QUE L&rsquo;INJECTION DE GRAISSE DANS LES FESSES ?\u00a0\u00bb font_container=\u00a0\u00bbtag:h2|font_size:25px|text_align:left\u00a0\u00bb use_theme_fonts=\u00a0\u00bbyes\u00a0\u00bb css=\u00a0\u00bb.vc_custom_1629894636119{margin-bottom: 25px !important;}\u00a0\u00bb][vc_row_inner][vc_column_inner width=\u00a0\u00bb7\/12&Prime;][vc_column_text]Avec l&rsquo;injection de graisse dans les fesses, le tissu adipeux est pr\u00e9lev\u00e9 sur le patient. Des mesures de tissu adipeux sont effectu\u00e9es pour ajouter de la graisse aux fesses. La proc\u00e9dure peut \u00eatre r\u00e9alis\u00e9e sous anesth\u00e9sie locale et g\u00e9n\u00e9rale. L&rsquo;op\u00e9ration consiste \u00e0 profiter des courbes du corps. Par cons\u00e9quent, l&rsquo;utilisation de canules minces d&rsquo;une \u00e9paisseur de 1 \u00e0 2 mm est \u00e9vidente. Il est possible que les canules ne soient pas autoris\u00e9es \u00e0 passer par les trous d&rsquo;entr\u00e9e minces.<\/p>\n<p>Cette chirurgie doit \u00eatre adapt\u00e9e \u00e0 la structure des fesses du patient.\u00a0Si le patient a un affaissement suppl\u00e9mentaire dans le corps et a un corps maigre, cette esth\u00e9tique n&rsquo;est pas appropri\u00e9e.\u00a0La persistance est retrouv\u00e9e dans 60% et 70% dans cette chirurgie.\u00a0Ces tissus adipeux sont int\u00e9gr\u00e9s au corps ou \u00e0 votre graisse.\u00a0Dans le m\u00eame temps, il n&rsquo;est m\u00eame pas possible de dissoudre les tissus adipeux pr\u00e9lev\u00e9s dans le corps \u00e0 temps.\u00a0Ainsi, le patient a probablement une conservation \u00e0 long terme en raison de sa graisse.<\/p>\n<p>Le patient n&rsquo;a aucune trace apr\u00e8s la chirurgie.\u00a0Il y a aussi une r\u00e9p\u00e9tition des injections sur les graisses.\u00a0Il est possible de renouveler les applications \u00e0 certains intervalles.[\/vc_column_text][\/vc_column_inner][vc_column_inner width=\u00a0\u00bb5\/12&Prime;][vc_single_image image=\u00a0\u00bb10094&Prime; img_size=\u00a0\u00bbfull\u00a0\u00bb][\/vc_column_inner][\/vc_row_inner][\/vc_column][\/vc_row][vc_row css=\u00a0\u00bb.vc_custom_1558452950911{padding-top: 25px !important;}\u00a0\u00bb][vc_column width=\u00a0\u00bb5\/12&Prime;][vc_single_image image=\u00a0\u00bb10098&Prime; img_size=\u00a0\u00bbfull\u00a0\u00bb][\/vc_column][vc_column width=\u00a0\u00bb7\/12&Prime;][vc_custom_heading text=\u00a0\u00bbCO\u00dbT DE L&rsquo;INJECTION DE GRAISSE DANS LES FESSES\u00a0\u00bb font_container=\u00a0\u00bbtag:h2|font_size:25px|text_align:left\u00a0\u00bb use_theme_fonts=\u00a0\u00bbyes\u00a0\u00bb css=\u00a0\u00bb.vc_custom_1629894654148{margin-bottom: 25px !important;}\u00a0\u00bb][vc_column_text]Le co\u00fbt d&rsquo;une injection de graisse dans les fesses varie en fonction de nombreux facteurs.\u00a0Ces facteurs comprennent\u00a0;\u00a0frais de chirurgiens, frais d&rsquo;h\u00f4pitaux, frais d&rsquo;anesth\u00e9sie.\u00a0Il peut y avoir des proc\u00e9dures suppl\u00e9mentaires selon les d\u00e9sirs et les besoins du patient.\u00a0Ces proc\u00e9dures affecteront \u00e9galement le prix global d&rsquo;une injection de graisse dans les fesses.<\/p>\n<p>Pour plus d&rsquo;informations[\/vc_column_text][\/vc_column][\/vc_row][vc_row css=\u00a0\u00bb.vc_custom_1558452950911{padding-top: 25px !important;}\u00a0\u00bb][vc_column][vc_custom_heading text=\u00a0\u00bbFOIRE AUX QUESTIONS INJECTION DE GRAISSE DANS LES FESSES\u00a0\u00bb font_container=\u00a0\u00bbtag:h2|font_size:25px|text_align:left\u00a0\u00bb use_theme_fonts=\u00a0\u00bbyes\u00a0\u00bb css=\u00a0\u00bb.vc_custom_1629894674521{margin-bottom: 25px !important;}\u00a0\u00bb][vc_row_inner][vc_column_inner width=\u00a0\u00bb1\/2&Prime;][vc_toggle title=\u00a0\u00bbQui peut avoir une injection de graisse dans les fesses ?\u00a0\u00bb custom_font_container=\u00a0\u00bbtag:h6|font_size:15px|text_align:left\u00a0\u00bb custom_use_theme_fonts=\u00a0\u00bbyes\u00a0\u00bb use_custom_heading=\u00a0\u00bbtrue\u00a0\u00bb]Les femmes veulent voir plus de fesses lorsqu&rsquo;elles portent des pantalons.\u00a0Lorsque les patients ont une perte de poids importante ou que la forme naturelle de leurs fesses est droite, ils ont besoin d&rsquo;une intervention chirurgicale.\u00a0Certains patients ont une taille et des hanches larges pour des raisons g\u00e9n\u00e9tiques, mais les fesses sont tr\u00e8s petites lorsqu&rsquo;elles sont vues de c\u00f4t\u00e9.\u00a0S&rsquo;il y a suffisamment de graisse dans les hanches, il est possible de former les fesses avec la graisse des hanches.\u00a0Si le patient n&rsquo;a pas assez de graisse, la mise en forme se fait avec du silicone.<\/p>\n<p>L&rsquo;injection de graisse dans les fesses peut \u00eatre pratiqu\u00e9e sur de nombreuses personnes.\u00a0Il faut aller voir un chirurgien qui veut faire une injection de graisse et \u00e9valuer la situation avec tous les d\u00e9tails.\u00a0Le processus est effectu\u00e9 avec de la graisse et des tissus appropri\u00e9s.\u00a0Le patient ira mieux apr\u00e8s 6 mois.\u00a0Le patient ne peut pas s&rsquo;asseoir jusqu&rsquo;\u00e0 10 jours apr\u00e8s la chirurgie.[\/vc_toggle][vc_toggle title=\u00a0\u00bbCette m\u00e9thode est-elle applicable \u00e0 tout le monde ?\u00a0\u00bb custom_font_container=\u00a0\u00bbtag:h6|font_size:15px|text_align:left\u00a0\u00bb custom_use_theme_fonts=\u00a0\u00bbyes\u00a0\u00bb use_custom_heading=\u00a0\u00bbtrue\u00a0\u00bb]Cette m\u00e9thode peut facilement \u00eatre appliqu\u00e9e \u00e0 tout le monde.\u00a0Les proth\u00e8ses sont recommand\u00e9es pour ceux qui n&rsquo;ont pas leur propre tissu adipeux.[\/vc_toggle][vc_toggle title=\u00a0\u00bbComment se d\u00e9roule l&rsquo;injection de graisse dans les fesses ?\u00a0\u00bb custom_font_container=\u00a0\u00bbtag:h6|font_size:15px|text_align:left\u00a0\u00bb custom_use_theme_fonts=\u00a0\u00bbyes\u00a0\u00bb use_custom_heading=\u00a0\u00bbtrue\u00a0\u00bb]Il faut 2 et 3 heures sous anesth\u00e9sie g\u00e9n\u00e9rale pour retirer les tissus adipeux.\u00a0Des canules et des m\u00e9diateurs sp\u00e9ciaux doivent \u00eatre utilis\u00e9s \u00e0 cette fin.\u00a0Les tissus adipeux qui doivent \u00eatre pr\u00e9lev\u00e9s sans traumatisme sont adapt\u00e9s \u00e0 l&rsquo;injection.\u00a0Des plans sp\u00e9ciaux sont \u00e9labor\u00e9s pour la zone des fesses afin de poursuivre les op\u00e9rations.\u00a0Gr\u00e2ce \u00e0 cette planification, il est possible de fa\u00e7onner le tissu adipeux des fesses sous une forme en couches.\u00a0Une attention particuli\u00e8re est \u00e9galement accord\u00e9e \u00e0 l&rsquo;utilisation de canules sp\u00e9ciales dans les processus d&rsquo;injection.\u00a0Gr\u00e2ce aux tissus adipeux donn\u00e9s en couches, il est facile de r\u00e9aliser le sertissage souhait\u00e9.\u00a0Les applications d&rsquo;injection en couches sont utilis\u00e9es pour l&rsquo;adh\u00e9rence des tissus adipeux.\u00a0Le processus d&rsquo;injection de graisse dans les fesses se termine en peu de temps.[\/vc_toggle][vc_toggle title=\u00a0\u00bbL&rsquo;injection de graisse dans les fesses est-elle une op\u00e9ration permanente ?\u00a0\u00bb custom_font_container=\u00a0\u00bbtag:h6|font_size:15px|text_align:left\u00a0\u00bb custom_use_theme_fonts=\u00a0\u00bbyes\u00a0\u00bb use_custom_heading=\u00a0\u00bbtrue\u00a0\u00bb]Bien qu&rsquo;il s&rsquo;agisse d&rsquo;une m\u00e9thode naturelle et pr\u00e9f\u00e9r\u00e9e, le tissu adipeux est perdu apr\u00e8s environ 1 \u00e0 1,5 ans.\u00a0Cependant, si la graisse est r\u00e9serv\u00e9e, le m\u00eame processus peut \u00eatre r\u00e9p\u00e9t\u00e9.\u00a0R\u00e9cemment, les techniques d\u00e9velopp\u00e9es par les \u00e9tudes sur l&rsquo;injection de graisse et la possibilit\u00e9 de cellules graisseuses permanentes se sont multipli\u00e9es.\u00a0La chirurgie d&rsquo;injection de graisse des fesses avec injection de la graisse est r\u00e9alis\u00e9e sous anesth\u00e9sie g\u00e9n\u00e9rale et sa dur\u00e9e est de 1 \u00e0 1,5 heures.\u00a0Un corset sp\u00e9cial doit \u00eatre port\u00e9 pendant 2 semaines apr\u00e8s la chirurgie.[\/vc_toggle][vc_toggle title=\u00a0\u00bbY aura-t-il une trace ?\u00a0\u00bb custom_font_container=\u00a0\u00bbtag:h6|font_size:15px|text_align:left\u00a0\u00bb custom_use_theme_fonts=\u00a0\u00bbyes\u00a0\u00bb use_custom_heading=\u00a0\u00bbtrue\u00a0\u00bb]Il n&rsquo;y a absolument aucune trace et l&rsquo;op\u00e9ration est termin\u00e9e en peu de temps.[\/vc_toggle][vc_toggle title=\u00a0\u00bbL&rsquo;injection de graisse dans les fesses cause-t-elle des dommages ?\u00a0\u00bb custom_font_container=\u00a0\u00bbtag:h6|font_size:15px|text_align:left\u00a0\u00bb custom_use_theme_fonts=\u00a0\u00bbyes\u00a0\u00bb use_custom_heading=\u00a0\u00bbtrue\u00a0\u00bb]L&rsquo;injection de graisse de fesses est fortement pr\u00e9f\u00e9r\u00e9e ces derni\u00e8res ann\u00e9es.\u00a0Cela ne fait certainement pas de mal.[\/vc_toggle][vc_toggle title=\u00a0\u00bbQuelle est la limite de graisse dans cette chirurgie?\u00a0\u00bb custom_font_container=\u00a0\u00bbtag:h6|font_size:15px|text_align:left\u00a0\u00bb custom_use_theme_fonts=\u00a0\u00bbyes\u00a0\u00bb use_custom_heading=\u00a0\u00bbtrue\u00a0\u00bb]Les femmes et les hommes peuvent atteindre les fesses qu&rsquo;ils veulent. De plus, il est possible d&rsquo;obtenir une apparence plus saine ainsi qu&rsquo;une apparence agr\u00e9able en prenant de la graisse dans certaines r\u00e9gions dans les plis. Une moyenne de 200 et 300 cc d&rsquo;injections de graisse sont pr\u00e9sentes. Au total, ces valeurs peuvent \u00eatre comprises entre 500 et 700 cc pour les deux c\u00f4t\u00e9s. Les tissus peuvent \u00eatre jusqu&rsquo;\u00e0 70%. En cas de r\u00e9p\u00e9titions, ces taux peuvent augmenter et une croissance plus importante peut se produire. Cependant, d\u00e8s le d\u00e9but, ce rapport augmente et, par cons\u00e9quent, il y a plus de lignes corporelles et de limites de tissu adipeux. Par cons\u00e9quent, une esth\u00e9tique personnalis\u00e9e des fesses est r\u00e9alis\u00e9e. Il faut faire attention 10 jours apr\u00e8s l&rsquo;op\u00e9ration. Ensuite, la vie quotidienne peut \u00eatre poursuivie.[\/vc_toggle][\/vc_column_inner][vc_column_inner width=\u00a0\u00bb1\/2&Prime;][vc_toggle title=\u00a0\u00bbEnlever les fesses avec la suture\u00a0\u00bb custom_font_container=\u00a0\u00bbtag:h6|font_size:15px|text_align:left\u00a0\u00bb custom_use_theme_fonts=\u00a0\u00bbyes\u00a0\u00bb use_custom_heading=\u00a0\u00bbtrue\u00a0\u00bb]Certains m\u00e9decins utilisent cette technique, mais il s&rsquo;agit d&rsquo;une op\u00e9ration temporaire et les patients doivent le savoir.\u00a0L&rsquo;effet ne dure que 3 mois, puis la forme des fesses revient \u00e0 son \u00e9tat ant\u00e9rieur.\u00a0Cet effet ne reste pas longtemps dans les mouvements comme s&rsquo;asseoir et se coucher.[\/vc_toggle][vc_toggle title=\u00a0\u00bbProth\u00e8se ou injection de graisse ?\u00a0\u00bb custom_font_container=\u00a0\u00bbtag:h6|font_size:15px|text_align:left\u00a0\u00bb custom_use_theme_fonts=\u00a0\u00bbyes\u00a0\u00bb use_custom_heading=\u00a0\u00bbtrue\u00a0\u00bb]Lorsque les deux moiti\u00e9s des fesses se trouvent sous le fascia musculaire sous les fesses, une poche se forme dans les deux moiti\u00e9s des fesses.\u00a0Les proth\u00e8ses en silicone sont plac\u00e9es dans cette poche.\u00a0Les proth\u00e8ses en silicone utilis\u00e9es pour les fesses sont plus dures que les proth\u00e8ses mammaires en silicone.\u00a0Pour cette raison, il est difficile de s&rsquo;asseoir et de se lever pendant la p\u00e9riode postop\u00e9ratoire.<\/p>\n<p>Il existe \u00e9galement un risque d&rsquo;inflammation dans les incisions chirurgicales. Le patient doit toujours faire attention \u00e0 l&rsquo;hygi\u00e8ne. Dans le m\u00eame temps, il faut essayer de pr\u00e9venir l&rsquo;infection. Comme pour toutes les applications de proth\u00e8se, une capsule dans la proth\u00e8se de fesses est limit\u00e9e dans les tissus corporels proth\u00e9tiques. La chirurgie esth\u00e9tique de la hanche est r\u00e9alis\u00e9e sous anesth\u00e9sie g\u00e9n\u00e9rale. Cela prend entre 3 et 5 heures. Au lieu d&rsquo;avoir cette proth\u00e8se, les injections de graisse offrent plus d&rsquo;avantages. Les proth\u00e8ses ne conviennent pas \u00e0 tout le monde. G\u00e9n\u00e9ralement, les m\u00e9decins pr\u00e9f\u00e8rent les injections de graisse.[\/vc_toggle][vc_toggle title=\u00a0\u00bbAugmentation des fesses avec remplissage\u00a0\u00bb custom_font_container=\u00a0\u00bbtag:h6|font_size:15px|text_align:left\u00a0\u00bb custom_use_theme_fonts=\u00a0\u00bbyes\u00a0\u00bb use_custom_heading=\u00a0\u00bbtrue\u00a0\u00bb]La technologie esth\u00e9tique se d\u00e9veloppe.\u00a0Il est devenu possible de s&rsquo;\u00e9panouir avec des mat\u00e9riaux de remplissage dans une mesure diff\u00e9rente pour chaque r\u00e9gion du corps.\u00a0Ce remplissage est \u00e9galement utilis\u00e9 pour l&rsquo;arrondi et la mise en forme de la zone des fesses.\u00a0R\u00e9cemment, avec la combinaison de l&rsquo;injection de la graisse et de l&rsquo;augmentation, les fesses peuvent obtenir une belle forme.[\/vc_toggle][vc_toggle title=\u00a0\u00bbQue faire si mon corps ne s&rsquo;adapte pas \u00e0 la graisse ?\u00a0\u00bb custom_font_container=\u00a0\u00bbtag:h6|font_size:15px|text_align:left\u00a0\u00bb custom_use_theme_fonts=\u00a0\u00bbyes\u00a0\u00bb use_custom_heading=\u00a0\u00bbtrue\u00a0\u00bb]Les m\u00e9decins pr\u00e9f\u00e8rent la propre graisse du patient pour cette chirurgie.\u00a0Ainsi, cette situation est peu probable.[\/vc_toggle][vc_toggle title=\u00a0\u00bbL&rsquo;application peut-elle \u00eatre r\u00e9p\u00e9t\u00e9e?\u00a0\u00bb custom_font_container=\u00a0\u00bbtag:h6|font_size:15px|text_align:left\u00a0\u00bb custom_use_theme_fonts=\u00a0\u00bbyes\u00a0\u00bb use_custom_heading=\u00a0\u00bbtrue\u00a0\u00bb]Il est possible de r\u00e9-op\u00e9rer.[\/vc_toggle][vc_toggle title=\u00a0\u00bbRetour \u00e0 la vie quotidienne\u00a0\u00bb custom_font_container=\u00a0\u00bbtag:h6|font_size:15px|text_align:left\u00a0\u00bb custom_use_theme_fonts=\u00a0\u00bbyes\u00a0\u00bb use_custom_heading=\u00a0\u00bbtrue\u00a0\u00bb]Au maximum 10 jours plus tard, il est possible de revenir \u00e0 la vie quotidienne.[\/vc_toggle][\/vc_column_inner][\/vc_row_inner][\/vc_column][\/vc_row]<\/p>\n<\/section>","protected":false},"excerpt":{"rendered":"<p>[vc_row css=\u00a0\u00bb.vc_custom_1558452950911{padding-top: 25px !important;}\u00a0\u00bb][vc_column width=\u00a0\u00bb7\/12&Prime;][vc_custom_heading text=\u00a0\u00bbINJECTION DE GRAISSE DANS LES FESSES EN TURQUIE\u00a0\u00bb font_container=\u00a0\u00bbtag:h1|font_size:25px|text_align:left\u00a0\u00bb use_theme_fonts=\u00a0\u00bbyes\u00a0\u00bb css=\u00a0\u00bb.vc_custom_1629894619769{margin-bottom: 25px !important;}\u00a0\u00bb][vc_column_text]M\u00eame si la beaut\u00e9 varie, les gens ont&hellip;<\/p>\n","protected":false},"author":1,"featured_media":0,"parent":0,"menu_order":0,"comment_status":"closed","ping_status":"closed","template":"","meta":{"footnotes":""},"class_list":["post-1350","page","type-page","status-publish","hentry"],"aioseo_notices":[],"_links":{"self":[{"href":"https:\/\/estemilano.com\/fr\/wp-json\/wp\/v2\/pages\/1350","targetHints":{"allow":["GET"]}}],"collection":[{"href":"https:\/\/estemilano.com\/fr\/wp-json\/wp\/v2\/pages"}],"about":[{"href":"https:\/\/estemilano.com\/fr\/wp-json\/wp\/v2\/types\/page"}],"author":[{"embeddable":true,"href":"https:\/\/estemilano.com\/fr\/wp-json\/wp\/v2\/users\/1"}],"replies":[{"embeddable":true,"href":"https:\/\/estemilano.com\/fr\/wp-json\/wp\/v2\/comments?post=1350"}],"version-history":[{"count":1,"href":"https:\/\/estemilano.com\/fr\/wp-json\/wp\/v2\/pages\/1350\/revisions"}],"predecessor-version":[{"id":1351,"href":"https:\/\/estemilano.com\/fr\/wp-json\/wp\/v2\/pages\/1350\/revisions\/1351"}],"wp:attachment":[{"href":"https:\/\/estemilano.com\/fr\/wp-json\/wp\/v2\/media?parent=1350"}],"curies":[{"name":"wp","href":"https:\/\/api.w.org\/{rel}","templated":true}]}}